{"id":659,"date":"2022-09-14T15:36:38","date_gmt":"2022-09-14T13:36:38","guid":{"rendered":"https:\/\/www.todrobot.com\/termini-e-condizioni\/"},"modified":"2022-09-15T18:12:38","modified_gmt":"2022-09-15T16:12:38","slug":"termini-e-condizioni","status":"publish","type":"page","link":"https:\/\/www.todrobot.com\/es\/terminos-y-condiciones\/","title":{"rendered":"T\u00e9rminos y condiciones"},"content":{"rendered":"<!-- This legal document was generated by Complianz Terms &amp; Conditions https:\/\/wordpress.org\/plugins\/complianz-terms-conditions -->\n<div id=\"cmplz-document\" class=\"cmplz-document cmplz-terms-conditions\"><p><i>Los t\u00e9rminos y condiciones se actualizaron por \u00faltima vez el 9 noviembre 2023<\/i><\/p><h2>1. Introducci\u00f3n<\/h2><p>Estos t\u00e9rminos y condiciones se aplican a este sitio web y a las transacciones relacionadas con nuestros productos y servicios. Es posible que est\u00e9 obligado por contratos adicionales relacionados con su relaci\u00f3n con nosotros o con cualquier producto o servicio que reciba de nosotros. Si alguna de las disposiciones de los contratos adicionales entra en conflicto con alguna de las disposiciones de estas Condiciones, prevalecer\u00e1 lo dispuesto en estos contratos adicionales.<\/p><h2>2. Registro<\/h2><p>Al registrarse en este sitio web, acceder a \u00e9l o utilizarlo de cualquier otro modo, acepta cualquiera de las condiciones que se detallan a continuaci\u00f3n. El mero uso de este sitio web implica el conocimiento y aceptaci\u00f3n de estos t\u00e9rminos y condiciones. En algunos casos particulares, tambi\u00e9n podemos pedirle que lo acepte expl\u00edcitamente.<\/p><h2>3. Comunicaci\u00f3n electr\u00f3nica <\/h2><p>Al utilizar este sitio web o comunicarse con nosotros a trav\u00e9s de medios electr\u00f3nicos, usted acepta y reconoce que podemos comunicarnos con usted electr\u00f3nicamente en nuestro sitio web o enviarle un mensaje electr\u00f3nico, y acepta que todos los comentarios, avisos, divulgaciones y otras comunicaciones que le proporcionemos usted satisface electr\u00f3nicamente cualquier requisito legal, incluido, entre otros, el requisito de que las comunicaciones se realicen por escrito.<\/p><h2>4. Propiedad intelectual <\/h2><p>Nuestros licenciantes colocan y verifican todos los derechos de autor y otros derechos de propiedad intelectual en el sitio web, y los datos, informaci\u00f3n y otra informaci\u00f3n mostrada o accesible dentro del sitio web.<\/p><p class=\"cmplz-subtitle\">4.1 Todos los derechos est\u00e1n reservados <\/p><p>Salvo que el contenido espec\u00edfico indique lo contrario, no se otorga licencia sobre ning\u00fan otro derecho en virtud de derechos de autor, marcas comerciales, patentes u otros derechos de propiedad intelectual. Esto significa que no utilizar\u00e1, copiar\u00e1, reproducir\u00e1, ejecutar\u00e1, exhibir\u00e1, distribuir\u00e1, incrustar\u00e1 en ning\u00fan medio electr\u00f3nico, alterar\u00e1, realizar\u00e1 ingenier\u00eda inversa, descompilar\u00e1, transferir\u00e1, descargar\u00e1, transmitir\u00e1, monetizar\u00e1, vender\u00e1, comercializar\u00e1 ni har\u00e1 uso de este material. sitio web en cualquier forma, sin nuestro permiso previo por escrito, excepto y s\u00f3lo en el caso en que se estipule lo contrario en las normas de leyes imperativas (como el derecho de cita).<\/p><h2>5. Propiedad de terceros<\/h2><p>Nuestro sitio web puede incluir enlaces u otras referencias a sitios web de terceros. No controlamos ni revisamos el contenido de sitios web de terceros a quienes acceden a este sitio web. Los productos o servicios ofrecidos en otros sitios web estar\u00e1n sujetos a los T\u00e9rminos y Condiciones aplicables a estos terceros. Las opiniones expresadas o el material que aparece en estos sitios web no necesariamente son compartidos ni respaldados por nosotros.<\/p><p>No somos responsables de las pr\u00e1cticas de privacidad ni del contenido de estos sitios. Puede utilizar todos aquellos asociados con el uso de estos sitios web y cualquier servicio de terceros relacionado. No aceptaremos ninguna responsabilidad por cualquier p\u00e9rdida o da\u00f1o, independientemente de la forma en que se produzca, que resulte de la divulgaci\u00f3n de parte de su informaci\u00f3n personal a terceros.<\/p><h2>6. Uso responsable<\/h2><p>Al visitar nuestro sitio web, usted se compromete a utilizarlo \u00fanicamente para los fines previstos y de acuerdo con lo permitido por estos T\u00e9rminos, cualquier contrato adicional con nosotros y las leyes, regulaciones y pr\u00e1cticas en l\u00ednea aplicables generalmente aceptadas y dirigidas por la industria. No debe utilizar nuestro sitio web ni nuestros servicios para utilizar, publicar o distribuir ning\u00fan material que consista en (o est\u00e9 vinculado a) software inform\u00e1tico malicioso; utilizar los datos recopilados en nuestro sitio web para cualquier actividad de marketing directo, o llevar a cabo cualquier actividad de recopilaci\u00f3n de datos sistem\u00e1tica o automatizada en nuestro sitio web o en relaci\u00f3n con \u00e9l.<\/p><p>Queda estrictamente prohibido realizar cualquier actividad que cause o pueda causar da\u00f1os al sitio web o que interfiera con su funcionalidad, disponibilidad o accesibilidad.<\/p><h2>7. Env\u00eda ideas<\/h2><p>No enviamos ideas, invenciones, obras de autor u otra informaci\u00f3n que pueda considerarse parte de nuestra propiedad intelectual y que nos gustar\u00eda presentarnos, a menos que primero hayamos firmado un acuerdo con respecto a la propiedad intelectual o un acuerdo de confidencialidad. Si nos comunica esto en ausencia de informaci\u00f3n escrita, le otorgamos una licencia mundial, irrevocable, no exclusiva y gratuita del autor para usar, reproducir, almacenar, adaptar, publicar, traducir y distribuir su contenido en cualquier formato existente o medio futuro.<\/p><h2>8. Terminaci\u00f3n del uso <\/h2><p>Podemos, a nuestra entera discreci\u00f3n, modificar o interrumpir en cualquier momento el acceso, de forma temporal o permanente, al sitio web o a cualquier servicio del mismo. Usted acepta que no seremos responsables ante ning\u00fan tercero por cualquier modificaci\u00f3n, suspensi\u00f3n o interrupci\u00f3n de su acceso o uso del sitio web o de cualquier contenido que pueda compartirse en el sitio web. No se te negar\u00e1 ninguna compensaci\u00f3n ni ning\u00fan otro pago, ni se te privar\u00e1 de una forma permanente determinada por las funciones, configuraciones y\/o cualquier cosa contenida en lo que has aportado o en lo que has confiado. No debe eludir ni evitar, ni intentar eludir o evitar, ning\u00fan medio de restricci\u00f3n de acceso a nuestro sitio web.<\/p><h2>9. Garant\u00edas y responsabilidad<\/h2><p>Nada en esta secci\u00f3n limitar\u00e1 o excluir\u00e1 ninguna garant\u00eda impl\u00edcita por ley que fuera ilegal limitar o excluir. Este sitio web y todo lo que contiene contiene &quot;tal cual&quot; y &quot;disponibilidad&quot; y puede incluir inactitudes o errores tipogr\u00e1ficos. Renunciamos expresamente a toda garant\u00eda de cualquier tipo, ya sea expresa o impl\u00edcita, con respecto a la disponibilidad, exactitud o integridad del Contenido. No garantizamos que:<\/p><p><ul>\n                    <li>Este sitio web o nuestros contenidos te colmar\u00e1n de tus necesidades;<\/li>\n                    <li>Este sitio web estar\u00e1 disponible de forma continua, r\u00e1pida, segura y sin errores.<\/li>\n        <\/ul><\/p><p>Nada de lo contenido en este sitio web constituye o pretende constituir asesoramiento legal, financiero o m\u00e9dico de ning\u00fan tipo. Si necesitas asesoramiento, debes consultar a un profesional adecuado.<\/p><p>Las siguientes disposiciones de esta secci\u00f3n se aplicar\u00e1n en la medida m\u00e1xima permitida por la ley aplicable y no limitar\u00e1n ni excluir\u00e1n nuestra responsabilidad con respecto a cualquier suposici\u00f3n que ser\u00eda il\u00edcita o ilegal que limit\u00e1ramos o excluy\u00e9ramos nuestra responsabilidad. En ning\u00fan caso seremos responsables de ning\u00fan da\u00f1o directo o indirecto (incluido cualquier da\u00f1o debido a p\u00e9rdida de beneficios o ingresos, p\u00e9rdida o corrupci\u00f3n de datos, software o base de datos, o p\u00e9rdida o da\u00f1o a propiedad o datos) incurrido por nosotros o por cualquier tercero que se refiera a su acceso o uso de nuestro sitio web.<\/p><p>Salvo en el caso en que cualquier contrato adicional establezca expresamente lo contrario, ha incurrido en nuestra m\u00e1xima responsabilidad por todos los da\u00f1os que surjan o tengan relaci\u00f3n con el sitio web o con cualquier producto o servicio comercializado o vendido a trav\u00e9s del sitio web, independientemente de la forma. de acci\u00f3n legal que impone responsabilidad (ya sea por contrato, equidad, negligencia, conducta intencional, agravio o cualquier otra forma) se limitar\u00e1 al precio total que pagamos para comprar estos productos o servicios o utilizar el sitio web. Esta limitaci\u00f3n se aplicar\u00e1 en conjunto con todas sus quejas, acciones y causas de acci\u00f3n de cualquier tipo y naturaleza.<\/p><h2>10. Privacidad<\/h2><p>Para acceder a nuestro sitio web y\/o servicios, es posible que deba proporcionar cierta informaci\u00f3n sobre nosotros como parte del proceso de registro. Aseg\u00farese de que toda la informaci\u00f3n que proporcione sea siempre precisa, correcta y actualizada.<\/p><h2>11. Restricciones a la exportaci\u00f3n \/ Cumplimiento legal<\/h2><p>Si el acceso al sitio web desde los territorios o pa\u00edses donde est\u00e1 prohibido el contenido o la compra de productos o servicios vendidos en el sitio web es ilegal. No puede utilizar este sitio web ya que viola las leyes y regulaciones de exportaci\u00f3n de Italia.<\/p><h2>12. Asignaci\u00f3n<\/h2><p>Usted no puede ceder, transferir o subcontratar ninguno de sus derechos y\/o obligaciones en virtud de estos T\u00e9rminos y condiciones, en su totalidad o en parte, a ning\u00fan tercero sin nuestro consentimiento previo por escrito. Cualquier supuesta asignaci\u00f3n en violaci\u00f3n de esta secci\u00f3n ser\u00e1 nula y sin efecto.<\/p><h2>13. Incumplimientos de estos T\u00e9rminos y condiciones <\/h2><p>Sin perjuicio de los derechos que soportamos en virtud de los presentes T\u00e9rminos y Condiciones, si utilizamos estos T\u00e9rminos y Condiciones en su totalidad de cualquier manera, podremos tomar las medidas que consideremos apropiadas para enfrentar los inconvenientes, incluyendo los temporales o permanentes. suspensi\u00f3n de su acceso al sitio web, contactar al proveedor de servicios de Internet para solicitar que bloquee el acceso al sitio web, y\/o iniciar acciones legales en su contra.<\/p><h2>14. Fuerza mayor (Fuerza mayor)<\/h2><p>Salvo que se trate de obligaciones de pago de dinero, no retroceder, el no hacerlo ser\u00e1 considerado como infracci\u00f3n a los presentes t\u00e9rminos y condiciones, s\u00ed, y sin embargo, repito, hacer omisi\u00f3n si se debe a causa mayor que la control razonable de esa parte.<\/p><h2>15. Indemnizaci\u00f3n<\/h2><p>Usted se compromete a la indemnizaci\u00f3n, defensa y exclusi\u00f3n de todo reclamo, responsabilidad, da\u00f1o, p\u00e9rdida y gas, relacionados con la violaci\u00f3n de estas condiciones y leyes aplicables, incluidos los derechos de propiedad intelectual y los derechos de privacidad. Le reembolsaremos sin olvidar los da\u00f1os, p\u00e9rdidas, costos y gases relacionados con cualquier reclamaci\u00f3n o derivados de los mismos.<\/p><h2>16. Renuncia <\/h2><p>La invalidez de cualquiera de las disposiciones establecidas en estos t\u00e9rminos y condiciones y en cualquier t\u00e9rmino espec\u00edfico, o la falta de ejercicio de cualquiera de las opciones de terminaci\u00f3n, no se interpretar\u00e1 como una renuncia a estas disposiciones y no afectar\u00e1 la validez de estos t\u00e9rminos y condiciones o de cualquier Acuerdo o cualquier parte del mismo, no al dorso de completar todas y cada una de las disposiciones.<\/p><h2>17. Modismo<\/h2><p>Estos T\u00e9rminos y Condiciones se interpretar\u00e1n y analizar\u00e1n exclusivamente en Italiano. Todas las notificaciones y la correspondencia se redactar\u00e1n exclusivamente en ese idioma. <\/p><h2>18. Nitidez total<\/h2><p>Estos T\u00e9rminos y condiciones constituir\u00e1n el acuerdo completo entre usted y TOD System Srl en relaci\u00f3n con su uso de este sitio web.<\/p><h2>19. Actualizaci\u00f3n de los presentes T\u00e9rminos y Condiciones<\/h2><p>Es posible que actualicemos estos t\u00e9rminos y condiciones nuevamente cuando. Es su obligaci\u00f3n revisar peri\u00f3dicamente estos T\u00e9rminos y Condiciones para asegurarse de que existan cambios o actualizaciones. La fecha indicada al inicio de estas Condiciones Generales es la \u00faltima fecha de inspecci\u00f3n. Los cambios a estos T\u00e9rminos y Condiciones entrar\u00e1n en vigor cuando dichos cambios se publiquen en este sitio web. El uso continuado de este sitio web mediante la publicaci\u00f3n de cambios o actualizaciones se considerar\u00e1 un aviso de su aceptaci\u00f3n del cumplimiento y sujeci\u00f3n a estos T\u00e9rminos y Condiciones.<\/p><h2>20. Elecci\u00f3n de ley y jurisdicci\u00f3n <\/h2><p>Estos T\u00e9rminos y Condiciones se regir\u00e1n por las leyes de Italia. Cualquier disputa relacionada con estos T\u00e9rminos y Condiciones estar\u00e1 sujeta a la jurisdicci\u00f3n de los tribunales de Italia. Si un tribunal u otra autoridad considera que cualquier parte o disposici\u00f3n de estos T\u00e9rminos y Condiciones es inv\u00e1lida y\/o inaplicable en virtud de la legislaci\u00f3n vigente, dicha parte o disposici\u00f3n ser\u00e1 modificada, eliminada y\/o aplicada en el mayor remedio permitido para Se har\u00e1 efectiva la intenci\u00f3n de estos T\u00e9rminos y Condiciones. Estas disposiciones no se ver\u00e1n afectadas.<\/p><h2>21. Informaci\u00f3n de contacto<\/h2><p>Este sitio web es propiedad y est\u00e1 gestionado por TOD System Srl.<\/p><p>Puede contactarnos en relaci\u00f3n con estos T\u00e9rminos y condiciones a trav\u00e9s de nuestra p\u00e1gina <a href=\"https:\/\/www.todrobot.com\/es\/#richiesta-preventivo\">cont\u00e1ctame<\/a>.<\/p><h2>22. Descargar<\/h2><p>T\u00fa tambi\u00e9n puedes <a href=\"https:\/\/www.todrobot.com\/wp-content\/plugins\/complianz-terms-conditions\/download.php\">descargar<\/a> nuestros t\u00e9rminos y condiciones en formato PDF.<\/p><\/div>","protected":false},"excerpt":{"rendered":"","protected":false},"author":1,"featured_media":0,"parent":0,"menu_order":0,"comment_status":"closed","ping_status":"closed","template":"","meta":{"footnotes":""},"class_list":["post-659","page","type-page","status-publish","hentry","entry"],"_links":{"self":[{"href":"https:\/\/www.todrobot.com\/es\/wp-json\/wp\/v2\/pages\/659","targetHints":{"allow":["GET"]}}],"collection":[{"href":"https:\/\/www.todrobot.com\/es\/wp-json\/wp\/v2\/pages"}],"about":[{"href":"https:\/\/www.todrobot.com\/es\/wp-json\/wp\/v2\/types\/page"}],"author":[{"embeddable":true,"href":"https:\/\/www.todrobot.com\/es\/wp-json\/wp\/v2\/users\/1"}],"replies":[{"embeddable":true,"href":"https:\/\/www.todrobot.com\/es\/wp-json\/wp\/v2\/comments?post=659"}],"version-history":[{"count":0,"href":"https:\/\/www.todrobot.com\/es\/wp-json\/wp\/v2\/pages\/659\/revisions"}],"wp:attachment":[{"href":"https:\/\/www.todrobot.com\/es\/wp-json\/wp\/v2\/media?parent=659"}],"curies":[{"name":"wp","href":"https:\/\/api.w.org\/{rel}","templated":true}]}}